{"id":1122,"date":"2021-02-05T18:42:33","date_gmt":"2021-02-05T17:42:33","guid":{"rendered":"http:\/\/circuitfrancobelge.com\/2.0\/?page_id=1122"},"modified":"2022-07-17T13:05:58","modified_gmt":"2022-07-17T11:05:58","slug":"teams","status":"publish","type":"page","link":"https:\/\/circuitfrancobelge.com\/index.php\/teams\/","title":{"rendered":"Les \u00e9quipes"},"content":{"rendered":"<h1>\u00e9quipes<\/h1>\n<p>Retrouvez ici la <b>liste<\/b>&nbsp;des coureurs engag\u00e9s pour le 80<sup>\u00e8me<\/sup> Eurom\u00e9tropole Tour.<\/p>\n<p><a href=\"https:\/\/circuitfrancobelge.com\/wp-content\/uploads\/2021\/09\/PartantsEMT.pdf\" target=\"_blank\" role=\"button\" rel=\"noopener noreferrer\"><br \/>\nListe de partants<br \/>\n<\/a><br \/>\n<a href=\"https:\/\/circuitfrancobelge.com\/wp-content\/uploads\/2021\/09\/horaire-presentation.pdf\" target=\"_blank\" role=\"button\" rel=\"noopener noreferrer\"><br \/>\nHoraire pr\u00e9sentation<br \/>\n<\/a><\/p>\n<h4>UCI WorldTEAMS<\/h4>\n<p><img decoding=\"async\" width=\"256\" height=\"256\" src=\"https:\/\/circuitfrancobelge.com\/wp-content\/uploads\/2021\/04\/2-BOH.png\" alt=\"\" loading=\"lazy\" srcset=\"https:\/\/circuitfrancobelge.com\/wp-content\/uploads\/2021\/04\/2-BOH.png 256w, https:\/\/circuitfrancobelge.com\/wp-content\/uploads\/2021\/04\/2-BOH-150x150.png 150w\" sizes=\"auto, (max-width: 256px) 100vw, 256px\"><\/p>\n<p>BORA &#8211; HANSGROHE<\/p>\n<p><img decoding=\"async\" width=\"256\" height=\"256\" src=\"https:\/\/circuitfrancobelge.com\/wp-content\/uploads\/2021\/04\/3-COF.png\" alt=\"\" loading=\"lazy\" srcset=\"https:\/\/circuitfrancobelge.com\/wp-content\/uploads\/2021\/04\/3-COF.png 256w, https:\/\/circuitfrancobelge.com\/wp-content\/uploads\/2021\/04\/3-COF-150x150.png 150w\" sizes=\"auto, (max-width: 256px) 100vw, 256px\"><\/p>\n<p>COFIDIS<\/p>\n<p><img decoding=\"async\" width=\"256\" height=\"256\" src=\"https:\/\/circuitfrancobelge.com\/wp-content\/uploads\/2021\/04\/4-DQT.png\" alt=\"\" loading=\"lazy\" srcset=\"https:\/\/circuitfrancobelge.com\/wp-content\/uploads\/2021\/04\/4-DQT.png 256w, https:\/\/circuitfrancobelge.com\/wp-content\/uploads\/2021\/04\/4-DQT-150x150.png 150w\" sizes=\"auto, (max-width: 256px) 100vw, 256px\"><\/p>\n<p>deceuninck &#8211; quick-step<\/p>\n<p><img decoding=\"async\" width=\"256\" height=\"256\" src=\"https:\/\/circuitfrancobelge.com\/wp-content\/uploads\/2021\/08\/04-EFN.png\" alt=\"\" loading=\"lazy\" srcset=\"https:\/\/circuitfrancobelge.com\/wp-content\/uploads\/2021\/08\/04-EFN.png 256w, https:\/\/circuitfrancobelge.com\/wp-content\/uploads\/2021\/08\/04-EFN-150x150.png 150w\" sizes=\"auto, (max-width: 256px) 100vw, 256px\"><\/p>\n<p>ef education &#8211; nippo<\/p>\n<p><img decoding=\"async\" width=\"256\" height=\"256\" src=\"https:\/\/circuitfrancobelge.com\/wp-content\/uploads\/2021\/04\/5-GFC.png\" alt=\"\" loading=\"lazy\" srcset=\"https:\/\/circuitfrancobelge.com\/wp-content\/uploads\/2021\/04\/5-GFC.png 256w, https:\/\/circuitfrancobelge.com\/wp-content\/uploads\/2021\/04\/5-GFC-150x150.png 150w\" sizes=\"auto, (max-width: 256px) 100vw, 256px\"><\/p>\n<p>groupama &#8211; fdj<\/p>\n<p><img decoding=\"async\" width=\"256\" height=\"256\" src=\"https:\/\/circuitfrancobelge.com\/wp-content\/uploads\/2021\/05\/06-IGD.png\" alt=\"\" loading=\"lazy\" srcset=\"https:\/\/circuitfrancobelge.com\/wp-content\/uploads\/2021\/05\/06-IGD.png 256w, https:\/\/circuitfrancobelge.com\/wp-content\/uploads\/2021\/05\/06-IGD-150x150.png 150w\" sizes=\"auto, (max-width: 256px) 100vw, 256px\"><\/p>\n<p>ineos grenadiers<\/p>\n<p><img decoding=\"async\" width=\"256\" height=\"256\" src=\"https:\/\/circuitfrancobelge.com\/wp-content\/uploads\/2021\/04\/6-IWG.png\" alt=\"\" loading=\"lazy\" srcset=\"https:\/\/circuitfrancobelge.com\/wp-content\/uploads\/2021\/04\/6-IWG.png 256w, https:\/\/circuitfrancobelge.com\/wp-content\/uploads\/2021\/04\/6-IWG-150x150.png 150w\" sizes=\"auto, (max-width: 256px) 100vw, 256px\"><\/p>\n<p>intermarch\u00e9 &#8211; wanty &#8211; gobert mat\u00e9riaux<\/p>\n<p><img decoding=\"async\" width=\"256\" height=\"256\" src=\"https:\/\/circuitfrancobelge.com\/wp-content\/uploads\/2021\/04\/7-ISN.png\" alt=\"\" loading=\"lazy\" srcset=\"https:\/\/circuitfrancobelge.com\/wp-content\/uploads\/2021\/04\/7-ISN.png 256w, https:\/\/circuitfrancobelge.com\/wp-content\/uploads\/2021\/04\/7-ISN-150x150.png 150w\" sizes=\"auto, (max-width: 256px) 100vw, 256px\"><\/p>\n<p>israel start-up nation<\/p>\n<p><img decoding=\"async\" width=\"256\" height=\"256\" src=\"https:\/\/circuitfrancobelge.com\/wp-content\/uploads\/2021\/04\/9-LTS.png\" alt=\"\" loading=\"lazy\" srcset=\"https:\/\/circuitfrancobelge.com\/wp-content\/uploads\/2021\/04\/9-LTS.png 256w, https:\/\/circuitfrancobelge.com\/wp-content\/uploads\/2021\/04\/9-LTS-150x150.png 150w\" sizes=\"auto, (max-width: 256px) 100vw, 256px\"><\/p>\n<p>lotto soudal<\/p>\n<p><img decoding=\"async\" width=\"256\" height=\"256\" src=\"https:\/\/circuitfrancobelge.com\/wp-content\/uploads\/2021\/04\/10-TQA.png\" alt=\"\" loading=\"lazy\" srcset=\"https:\/\/circuitfrancobelge.com\/wp-content\/uploads\/2021\/04\/10-TQA.png 256w, https:\/\/circuitfrancobelge.com\/wp-content\/uploads\/2021\/04\/10-TQA-150x150.png 150w\" sizes=\"auto, (max-width: 256px) 100vw, 256px\"><\/p>\n<p>team qhubeka assos<\/p>\n<p><img decoding=\"async\" width=\"256\" height=\"256\" src=\"https:\/\/circuitfrancobelge.com\/wp-content\/uploads\/2021\/04\/11-TFS.png\" alt=\"\" loading=\"lazy\" srcset=\"https:\/\/circuitfrancobelge.com\/wp-content\/uploads\/2021\/04\/11-TFS.png 256w, https:\/\/circuitfrancobelge.com\/wp-content\/uploads\/2021\/04\/11-TFS-150x150.png 150w\" sizes=\"auto, (max-width: 256px) 100vw, 256px\"><\/p>\n<p>trek &#8211; segafredo<\/p>\n<p><img decoding=\"async\" width=\"256\" height=\"256\" src=\"https:\/\/circuitfrancobelge.com\/wp-content\/uploads\/2021\/04\/12-UAD.png\" alt=\"\" loading=\"lazy\" srcset=\"https:\/\/circuitfrancobelge.com\/wp-content\/uploads\/2021\/04\/12-UAD.png 256w, https:\/\/circuitfrancobelge.com\/wp-content\/uploads\/2021\/04\/12-UAD-150x150.png 150w\" sizes=\"auto, (max-width: 256px) 100vw, 256px\"><\/p>\n<p>uae team emirates<\/p>\n<h4>UCI proteams<\/h4>\n<p><img decoding=\"async\" width=\"256\" height=\"256\" src=\"https:\/\/circuitfrancobelge.com\/wp-content\/uploads\/2021\/05\/20-AFC.png\" alt=\"\" loading=\"lazy\" srcset=\"https:\/\/circuitfrancobelge.com\/wp-content\/uploads\/2021\/05\/20-AFC.png 256w, https:\/\/circuitfrancobelge.com\/wp-content\/uploads\/2021\/05\/20-AFC-150x150.png 150w\" sizes=\"auto, (max-width: 256px) 100vw, 256px\"><\/p>\n<p>alpecin &#8211; fenix<\/p>\n<p><img decoding=\"async\" width=\"256\" height=\"256\" src=\"https:\/\/circuitfrancobelge.com\/wp-content\/uploads\/2021\/05\/21-BBK.png\" alt=\"\" loading=\"lazy\" srcset=\"https:\/\/circuitfrancobelge.com\/wp-content\/uploads\/2021\/05\/21-BBK.png 256w, https:\/\/circuitfrancobelge.com\/wp-content\/uploads\/2021\/05\/21-BBK-150x150.png 150w\" sizes=\"auto, (max-width: 256px) 100vw, 256px\"><\/p>\n<p>B&amp;B HOTELS P\/B KTM<\/p>\n<p><img decoding=\"async\" width=\"256\" height=\"256\" src=\"https:\/\/circuitfrancobelge.com\/wp-content\/uploads\/2021\/05\/22-WVA.png\" alt=\"\" loading=\"lazy\" srcset=\"https:\/\/circuitfrancobelge.com\/wp-content\/uploads\/2021\/05\/22-WVA.png 256w, https:\/\/circuitfrancobelge.com\/wp-content\/uploads\/2021\/05\/22-WVA-150x150.png 150w\" sizes=\"auto, (max-width: 256px) 100vw, 256px\"><\/p>\n<p>bingoal wb<\/p>\n<p><img decoding=\"async\" width=\"256\" height=\"256\" src=\"https:\/\/circuitfrancobelge.com\/wp-content\/uploads\/2021\/05\/22b-GAZ.png\" alt=\"\" loading=\"lazy\" srcset=\"https:\/\/circuitfrancobelge.com\/wp-content\/uploads\/2021\/05\/22b-GAZ.png 256w, https:\/\/circuitfrancobelge.com\/wp-content\/uploads\/2021\/05\/22b-GAZ-150x150.png 150w\" sizes=\"auto, (max-width: 256px) 100vw, 256px\"><\/p>\n<p>gazprom &#8211; rusvelo<\/p>\n<p><img decoding=\"async\" width=\"256\" height=\"256\" src=\"https:\/\/circuitfrancobelge.com\/wp-content\/uploads\/2021\/05\/23-RLY.png\" alt=\"\" loading=\"lazy\" srcset=\"https:\/\/circuitfrancobelge.com\/wp-content\/uploads\/2021\/05\/23-RLY.png 256w, https:\/\/circuitfrancobelge.com\/wp-content\/uploads\/2021\/05\/23-RLY-150x150.png 150w\" sizes=\"auto, (max-width: 256px) 100vw, 256px\"><\/p>\n<p>rally cycling<\/p>\n<p><img decoding=\"async\" width=\"256\" height=\"256\" src=\"https:\/\/circuitfrancobelge.com\/wp-content\/uploads\/2021\/05\/24-SVB.png\" alt=\"\" loading=\"lazy\" srcset=\"https:\/\/circuitfrancobelge.com\/wp-content\/uploads\/2021\/05\/24-SVB.png 256w, https:\/\/circuitfrancobelge.com\/wp-content\/uploads\/2021\/05\/24-SVB-150x150.png 150w\" sizes=\"auto, (max-width: 256px) 100vw, 256px\"><\/p>\n<p>sport vlaanderen &#8211; baloise<\/p>\n<p><img decoding=\"async\" width=\"256\" height=\"256\" src=\"https:\/\/circuitfrancobelge.com\/wp-content\/uploads\/2021\/05\/25-ARK.png\" alt=\"\" loading=\"lazy\" srcset=\"https:\/\/circuitfrancobelge.com\/wp-content\/uploads\/2021\/05\/25-ARK.png 256w, https:\/\/circuitfrancobelge.com\/wp-content\/uploads\/2021\/05\/25-ARK-150x150.png 150w\" sizes=\"auto, (max-width: 256px) 100vw, 256px\"><\/p>\n<p>team arkea &#8211; samsic<\/p>\n<p><img decoding=\"async\" width=\"256\" height=\"256\" src=\"https:\/\/circuitfrancobelge.com\/wp-content\/uploads\/2021\/05\/26-TDE.png\" alt=\"\" loading=\"lazy\" srcset=\"https:\/\/circuitfrancobelge.com\/wp-content\/uploads\/2021\/05\/26-TDE.png 256w, https:\/\/circuitfrancobelge.com\/wp-content\/uploads\/2021\/05\/26-TDE-150x150.png 150w\" sizes=\"auto, (max-width: 256px) 100vw, 256px\"><\/p>\n<p>total direct energie<\/p>\n<p><img decoding=\"async\" width=\"256\" height=\"256\" src=\"https:\/\/circuitfrancobelge.com\/wp-content\/uploads\/2021\/05\/27-UXT.png\" alt=\"\" loading=\"lazy\" srcset=\"https:\/\/circuitfrancobelge.com\/wp-content\/uploads\/2021\/05\/27-UXT.png 256w, https:\/\/circuitfrancobelge.com\/wp-content\/uploads\/2021\/05\/27-UXT-150x150.png 150w\" sizes=\"auto, (max-width: 256px) 100vw, 256px\"><\/p>\n<p>UNO &#8211; X PRO CYCLING TEAM<\/p>\n<h4>UCI continental<br \/>\nteams<\/h4>\n<p><img decoding=\"async\" width=\"256\" height=\"256\" src=\"https:\/\/circuitfrancobelge.com\/wp-content\/uploads\/2021\/09\/32-BSC.png\" alt=\"\" loading=\"lazy\" srcset=\"https:\/\/circuitfrancobelge.com\/wp-content\/uploads\/2021\/09\/32-BSC.png 256w, https:\/\/circuitfrancobelge.com\/wp-content\/uploads\/2021\/09\/32-BSC-150x150.png 150w\" sizes=\"auto, (max-width: 256px) 100vw, 256px\"><\/p>\n<p>black spoke pro cycling<\/p>\n<p><img decoding=\"async\" width=\"256\" height=\"256\" src=\"https:\/\/circuitfrancobelge.com\/wp-content\/uploads\/2021\/08\/30-TIS.png\" alt=\"\" loading=\"lazy\" srcset=\"https:\/\/circuitfrancobelge.com\/wp-content\/uploads\/2021\/08\/30-TIS.png 256w, https:\/\/circuitfrancobelge.com\/wp-content\/uploads\/2021\/08\/30-TIS-150x150.png 150w\" sizes=\"auto, (max-width: 256px) 100vw, 256px\"><\/p>\n<p>tarteletto &#8211; isorex<\/p>\n<p><img decoding=\"async\" width=\"256\" height=\"256\" src=\"https:\/\/circuitfrancobelge.com\/wp-content\/uploads\/2021\/08\/31-XRL.png\" alt=\"\" loading=\"lazy\" srcset=\"https:\/\/circuitfrancobelge.com\/wp-content\/uploads\/2021\/08\/31-XRL.png 256w, https:\/\/circuitfrancobelge.com\/wp-content\/uploads\/2021\/08\/31-XRL-150x150.png 150w\" sizes=\"auto, (max-width: 256px) 100vw, 256px\"><\/p>\n<p>xelliss &#8211; roubaix lille metropole&nbsp;<\/p>\n<p><img decoding=\"async\" width=\"3290\" height=\"787\" src=\"https:\/\/circuitfrancobelge.com\/wp-content\/uploads\/2021\/07\/logo-dhlessportsplus-fondblanc.png\" alt=\"\" loading=\"lazy\" srcset=\"https:\/\/circuitfrancobelge.com\/wp-content\/uploads\/2021\/07\/logo-dhlessportsplus-fondblanc.png 3290w, https:\/\/circuitfrancobelge.com\/wp-content\/uploads\/2021\/07\/logo-dhlessportsplus-fondblanc-300x72.png 300w, https:\/\/circuitfrancobelge.com\/wp-content\/uploads\/2021\/07\/logo-dhlessportsplus-fondblanc-1024x245.png 1024w, https:\/\/circuitfrancobelge.com\/wp-content\/uploads\/2021\/07\/logo-dhlessportsplus-fondblanc-768x184.png 768w, https:\/\/circuitfrancobelge.com\/wp-content\/uploads\/2021\/07\/logo-dhlessportsplus-fondblanc-1536x367.png 1536w, https:\/\/circuitfrancobelge.com\/wp-content\/uploads\/2021\/07\/logo-dhlessportsplus-fondblanc-2048x490.png 2048w\" sizes=\"auto, (max-width: 3290px) 100vw, 3290px\"><br \/>\n<img decoding=\"async\" width=\"1675\" height=\"500\" src=\"https:\/\/circuitfrancobelge.com\/wp-content\/uploads\/2021\/01\/Rtbf.png\" alt=\"\" loading=\"lazy\" srcset=\"https:\/\/circuitfrancobelge.com\/wp-content\/uploads\/2021\/01\/Rtbf.png 1675w, https:\/\/circuitfrancobelge.com\/wp-content\/uploads\/2021\/01\/Rtbf-300x90.png 300w, https:\/\/circuitfrancobelge.com\/wp-content\/uploads\/2021\/01\/Rtbf-1024x306.png 1024w, https:\/\/circuitfrancobelge.com\/wp-content\/uploads\/2021\/01\/Rtbf-768x229.png 768w, https:\/\/circuitfrancobelge.com\/wp-content\/uploads\/2021\/01\/Rtbf-1536x459.png 1536w\" sizes=\"auto, (max-width: 1675px) 100vw, 1675px\"><br \/>\n<img decoding=\"async\" width=\"3879\" height=\"500\" src=\"https:\/\/circuitfrancobelge.com\/wp-content\/uploads\/2021\/01\/Eurosport.png\" alt=\"\" loading=\"lazy\" srcset=\"https:\/\/circuitfrancobelge.com\/wp-content\/uploads\/2021\/01\/Eurosport.png 3879w, https:\/\/circuitfrancobelge.com\/wp-content\/uploads\/2021\/01\/Eurosport-300x39.png 300w, https:\/\/circuitfrancobelge.com\/wp-content\/uploads\/2021\/01\/Eurosport-1024x132.png 1024w, https:\/\/circuitfrancobelge.com\/wp-content\/uploads\/2021\/01\/Eurosport-768x99.png 768w, https:\/\/circuitfrancobelge.com\/wp-content\/uploads\/2021\/01\/Eurosport-1536x198.png 1536w, https:\/\/circuitfrancobelge.com\/wp-content\/uploads\/2021\/01\/Eurosport-2048x264.png 2048w\" sizes=\"auto, (max-width: 3879px) 100vw, 3879px\"><br \/>\n<img decoding=\"async\" width=\"1580\" height=\"500\" src=\"https:\/\/circuitfrancobelge.com\/wp-content\/uploads\/2021\/01\/Vivacite.png\" alt=\"\" loading=\"lazy\" srcset=\"https:\/\/circuitfrancobelge.com\/wp-content\/uploads\/2021\/01\/Vivacite.png 1580w, https:\/\/circuitfrancobelge.com\/wp-content\/uploads\/2021\/01\/Vivacite-300x95.png 300w, https:\/\/circuitfrancobelge.com\/wp-content\/uploads\/2021\/01\/Vivacite-1024x324.png 1024w, https:\/\/circuitfrancobelge.com\/wp-content\/uploads\/2021\/01\/Vivacite-768x243.png 768w, https:\/\/circuitfrancobelge.com\/wp-content\/uploads\/2021\/01\/Vivacite-1536x486.png 1536w\" sizes=\"auto, (max-width: 1580px) 100vw, 1580px\"><\/p>\n","protected":false},"excerpt":{"rendered":"<p>\u00e9quipes Retrouvez ici la liste&nbsp;des coureurs engag\u00e9s pour le 80\u00e8me Eurom\u00e9tropole Tour. Liste de partants Horaire pr\u00e9sentation UCI WorldTEAMS BORA &#8211; HANSGROHE COFIDIS deceuninck &#8211; quick-step ef education &#8211; nippo groupama &#8211; fdj ineos grenadiers intermarch\u00e9 &#8211; wanty &#8211; gobert mat\u00e9riaux israel start-up nation lotto soudal team qhubeka assos trek &#8211; segafredo uae team emirates &hellip;<\/p>\n<p class=\"read-more\"> <a class=\"\" href=\"https:\/\/circuitfrancobelge.com\/index.php\/teams\/\"> <span class=\"screen-reader-text\">Les \u00e9quipes<\/span> Lire la suite\u00a0\u00bb<\/a><\/p>\n","protected":false},"author":1,"featured_media":0,"parent":0,"menu_order":0,"comment_status":"closed","ping_status":"closed","template":"page-templates\/template-pagebuilder-full-width.php","meta":{"site-sidebar-layout":"default","site-content-layout":"default","ast-global-header-display":"","ast-main-header-display":"","ast-hfb-above-header-display":"","ast-hfb-below-header-display":"","ast-hfb-mobile-header-display":"","site-post-title":"","ast-breadcrumbs-content":"","ast-featured-img":"","footer-sml-layout":"","theme-transparent-header-meta":"","adv-header-id-meta":"","stick-header-meta":"","header-above-stick-meta":"","header-main-stick-meta":"","header-below-stick-meta":"","pgc_sgb_lightbox_settings":"","footnotes":""},"class_list":["post-1122","page","type-page","status-publish","hentry"],"_links":{"self":[{"href":"https:\/\/circuitfrancobelge.com\/index.php\/wp-json\/wp\/v2\/pages\/1122","targetHints":{"allow":["GET"]}}],"collection":[{"href":"https:\/\/circuitfrancobelge.com\/index.php\/wp-json\/wp\/v2\/pages"}],"about":[{"href":"https:\/\/circuitfrancobelge.com\/index.php\/wp-json\/wp\/v2\/types\/page"}],"author":[{"embeddable":true,"href":"https:\/\/circuitfrancobelge.com\/index.php\/wp-json\/wp\/v2\/users\/1"}],"replies":[{"embeddable":true,"href":"https:\/\/circuitfrancobelge.com\/index.php\/wp-json\/wp\/v2\/comments?post=1122"}],"version-history":[{"count":60,"href":"https:\/\/circuitfrancobelge.com\/index.php\/wp-json\/wp\/v2\/pages\/1122\/revisions"}],"predecessor-version":[{"id":11060,"href":"https:\/\/circuitfrancobelge.com\/index.php\/wp-json\/wp\/v2\/pages\/1122\/revisions\/11060"}],"wp:attachment":[{"href":"https:\/\/circuitfrancobelge.com\/index.php\/wp-json\/wp\/v2\/media?parent=1122"}],"curies":[{"name":"wp","href":"https:\/\/api.w.org\/{rel}","templated":true}]}}